{"id":16,"date":"2025-02-01T22:43:36","date_gmt":"2025-02-01T21:43:36","guid":{"rendered":"https:\/\/plongee-guadeloupe-nautica.fr\/?page_id=16"},"modified":"2025-02-02T20:34:26","modified_gmt":"2025-02-02T19:34:26","slug":"accueil","status":"publish","type":"page","link":"https:\/\/plongee-guadeloupe-nautica.fr\/index.php\/accueil\/","title":{"rendered":"Accueil"},"content":{"rendered":"<div data-colibri-id=\"16-c1\" class=\"style-204 style-local-16-c1 position-relative\">\n  <!---->\n  <div data-colibri-component=\"section\" data-colibri-id=\"16-c2\" id=\"about\" class=\"h-section h-section-global-spacing d-flex align-items-lg-center align-items-md-center align-items-center style-212 style-local-16-c2 position-relative\">\n    <!---->\n    <!---->\n    <div class=\"h-section-grid-container h-section-boxed-container\">\n      <!---->\n      <div data-colibri-id=\"16-c3\" class=\"h-row-container gutters-row-lg-0 gutters-row-md-0 gutters-row-0 gutters-row-v-lg-0 gutters-row-v-md-0 gutters-row-v-0 style-213 style-local-16-c3 position-relative\">\n        <!---->\n        <div class=\"h-row justify-content-lg-center justify-content-md-center justify-content-center align-items-lg-stretch align-items-md-stretch align-items-stretch gutters-col-lg-0 gutters-col-md-0 gutters-col-0 gutters-col-v-lg-0 gutters-col-v-md-0 gutters-col-v-0\">\n          <!---->\n          <div class=\"h-column h-column-container d-flex h-col-lg-auto h-col-md-auto h-col-auto style-214-outer style-local-16-c4-outer\">\n            <div data-colibri-id=\"16-c4\" class=\"d-flex h-flex-basis h-column__inner h-px-lg-0 h-px-md-0 h-px-0 v-inner-lg-0 v-inner-md-0 v-inner-0 style-214 style-local-16-c4 position-relative\">\n              <!---->\n              <!---->\n              <div class=\"w-100 h-y-container h-column__content h-column__v-align flex-basis-100 align-self-lg-start align-self-md-start align-self-start\">\n                <!---->\n                <div data-colibri-id=\"16-c5\" class=\"h-global-transition-all h-heading style-215 style-local-16-c5 position-relative h-element\">\n                  <!---->\n                  <div class=\"h-heading__outer style-215 style-local-16-c5\">\n                    <!---->\n                    <!---->\n                    <h5 class=\"\">Nautica Plong\u00e9e Cara\u00efbes\n                      <br>05 90 999 047\n                      <br>contact@nauticaplongee.fr<\/h5>\n                  <\/div>\n                <\/div>\n                <div data-colibri-id=\"16-c6\" class=\"h-text h-text-component style-217 style-local-16-c6 position-relative h-element\">\n                  <!---->\n                  <!---->\n                  <div class=\"\">\n                    <p><span style=\"color: rgb(102, 102, 102); font-family: &quot;Open Sans&quot;, HelveticaNeue, &quot;Helvetica Neue&quot;, Helvetica, Arial, sans-serif; font-size: 16px; font-weight: 400;\">Bienvenue sur le site de Nautica Plong\u00e9e Cara\u00efbes. Venez d\u00e9couvrir ou red\u00e9couvrir&nbsp;<\/span>\n                      <strong\n                        style=\"color: rgb(16, 155, 197); font-family: &quot;Open Sans&quot;, HelveticaNeue, &quot;Helvetica Neue&quot;, Helvetica, Arial, sans-serif; font-size: 16px;\">la plong\u00e9e en Guadeloupe<\/strong><span style=\"color: rgb(102, 102, 102); font-family: &quot;Open Sans&quot;, HelveticaNeue, &quot;Helvetica Neue&quot;, Helvetica, Arial, sans-serif; font-size: 16px; font-weight: 400;\">. D\u00e9butants ou plongeurs confirm\u00e9s, nous vous accompagnerons pour d\u00e9couvrir tortues, coraux, et les multiples couleurs de la faune sous-marine des Cara\u00efbes.<\/span>\n                        <br><span style=\"color: rgb(102, 102, 102); font-family: &quot;Open Sans&quot;, HelveticaNeue, &quot;Helvetica Neue&quot;, Helvetica, Arial, sans-serif; font-size: 16px; font-weight: 400;\">Avec Nautica Plong\u00e9e Cara\u00efbes, vous avez le choix des plus beaux spots&nbsp;: plonger \u00e0 Deshaies, plonger \u00e0 Pointe Noire, mais aussi dans&nbsp;la R\u00e9serve Cousteau.<\/span><\/p>\n                  <\/div>\n                <\/div>\n              <\/div>\n            <\/div>\n          <\/div>\n          <div class=\"h-column h-column-container d-flex h-col-lg-auto h-col-md-auto h-col-auto style-218-outer style-local-16-c7-outer\">\n            <div data-colibri-id=\"16-c7\" class=\"d-flex h-flex-basis h-column__inner h-ui-empty-state-container h-px-lg-2 h-px-md-2 h-px-2 v-inner-lg-2 v-inner-md-2 v-inner-2 style-218 style-local-16-c7 position-relative\">\n              <!---->\n              <!---->\n              <div class=\"w-100 h-y-container h-column__content h-column__v-align flex-basis-100\">\n                <!---->\n              <\/div>\n            <\/div>\n          <\/div>\n        <\/div>\n      <\/div>\n    <\/div>\n  <\/div>\n<\/div>","protected":false},"excerpt":{"rendered":"<p>Nautica Plong\u00e9e Cara\u00efbes 05 90 999 047 contact@nauticaplongee.fr Bienvenue sur le site de Nautica Plong\u00e9e Cara\u00efbes. Venez d\u00e9couvrir ou red\u00e9couvrir&nbsp; la plong\u00e9e en Guadeloupe. D\u00e9butants ou plongeurs confirm\u00e9s, nous vous accompagnerons pour d\u00e9couvrir tortues, coraux, et les multiples couleurs de la faune sous-marine des Cara\u00efbes. Avec Nautica Plong\u00e9e Cara\u00efbes, vous avez le choix des plus [&hellip;]<\/p>\n","protected":false},"author":1,"featured_media":0,"parent":0,"menu_order":0,"comment_status":"closed","ping_status":"closed","template":"page-templates\/full-width-page.php","meta":{"footnotes":""},"class_list":["post-16","page","type-page","status-publish","hentry"],"_links":{"self":[{"href":"https:\/\/plongee-guadeloupe-nautica.fr\/index.php\/wp-json\/wp\/v2\/pages\/16","targetHints":{"allow":["GET"]}}],"collection":[{"href":"https:\/\/plongee-guadeloupe-nautica.fr\/index.php\/wp-json\/wp\/v2\/pages"}],"about":[{"href":"https:\/\/plongee-guadeloupe-nautica.fr\/index.php\/wp-json\/wp\/v2\/types\/page"}],"author":[{"embeddable":true,"href":"https:\/\/plongee-guadeloupe-nautica.fr\/index.php\/wp-json\/wp\/v2\/users\/1"}],"replies":[{"embeddable":true,"href":"https:\/\/plongee-guadeloupe-nautica.fr\/index.php\/wp-json\/wp\/v2\/comments?post=16"}],"version-history":[{"count":18,"href":"https:\/\/plongee-guadeloupe-nautica.fr\/index.php\/wp-json\/wp\/v2\/pages\/16\/revisions"}],"predecessor-version":[{"id":572,"href":"https:\/\/plongee-guadeloupe-nautica.fr\/index.php\/wp-json\/wp\/v2\/pages\/16\/revisions\/572"}],"wp:attachment":[{"href":"https:\/\/plongee-guadeloupe-nautica.fr\/index.php\/wp-json\/wp\/v2\/media?parent=16"}],"curies":[{"name":"wp","href":"https:\/\/api.w.org\/{rel}","templated":true}]}}