{"id":22,"date":"2025-02-01T22:45:10","date_gmt":"2025-02-01T21:45:10","guid":{"rendered":"https:\/\/plongee-guadeloupe-nautica.fr\/?page_id=22"},"modified":"2025-02-02T21:38:12","modified_gmt":"2025-02-02T20:38:12","slug":"les-formations","status":"publish","type":"page","link":"https:\/\/plongee-guadeloupe-nautica.fr\/index.php\/les-formations\/","title":{"rendered":"Les formations"},"content":{"rendered":"<div data-colibri-id=\"22-c1\" class=\"style-305 style-local-22-c1 position-relative\">\n  <!---->\n  <div data-colibri-component=\"section\" data-colibri-id=\"22-c2\" id=\"about\" class=\"h-section h-section-global-spacing d-flex align-items-lg-center align-items-md-center align-items-center style-306 style-local-22-c2 position-relative\">\n    <!---->\n    <!---->\n    <div class=\"h-section-grid-container h-section-boxed-container\">\n      <!---->\n      <div data-colibri-id=\"22-c3\" class=\"h-row-container gutters-row-lg-0 gutters-row-md-0 gutters-row-0 gutters-row-v-lg-0 gutters-row-v-md-0 gutters-row-v-0 style-307 style-local-22-c3 position-relative\">\n        <!---->\n        <div class=\"h-row justify-content-lg-center justify-content-md-center justify-content-center align-items-lg-stretch align-items-md-stretch align-items-stretch gutters-col-lg-0 gutters-col-md-0 gutters-col-0 gutters-col-v-lg-0 gutters-col-v-md-0 gutters-col-v-0\">\n          <!---->\n          <div class=\"h-column h-column-container d-flex h-col-lg-auto h-col-md-auto h-col-auto style-308-outer style-local-22-c4-outer\">\n            <div data-colibri-id=\"22-c4\" class=\"d-flex h-flex-basis h-column__inner h-px-lg-0 h-px-md-0 h-px-0 v-inner-lg-0 v-inner-md-0 v-inner-0 style-308 style-local-22-c4 position-relative\">\n              <!---->\n              <!---->\n              <div class=\"w-100 h-y-container h-column__content h-column__v-align flex-basis-100 align-self-lg-start align-self-md-start align-self-start\">\n                <!---->\n                <div data-colibri-id=\"22-c5\" class=\"h-global-transition-all h-heading style-309 style-local-22-c5 position-relative h-element\">\n                  <!---->\n                  <div class=\"h-heading__outer style-309 style-local-22-c5\">\n                    <!---->\n                    <!---->\n                    <h5 class=\"\">Formation \u00e0 la plong\u00e9e pour les plus jeunes<\/h5>\n                  <\/div>\n                <\/div>\n                <div data-colibri-id=\"22-c7\" class=\"h-text h-text-component style-311 style-local-22-c7 position-relative h-element\">\n                  <!---->\n                  <!---->\n                  <div class=\"\">\n                    <p>Il y a 3 niveaux de formation pour les enfants :<\/p>\n                    <ul>\n                      <li><strong style=\"color: rgb(16, 155, 197); font-family: inherit; font-size: inherit;\">Formation plongeur de bronze<\/strong>\n                        <br>Accessible \u00e0 partir de 8 ans, cette formation comprend 3&nbsp;<strong style=\"color: rgb(16, 155, 197); font-family: inherit; font-size: inherit;\">plong\u00e9es techniques<\/strong>.<\/li>\n                      <li><strong style=\"color: rgb(16, 155, 197); font-family: inherit; font-size: inherit;\">Formation plongeur d\u2019argent<br><\/strong>Accessible \u00e0 partir de 8 ans, cette formation comprend 3&nbsp;<strong style=\"color: rgb(16, 155, 197); font-family: inherit; font-size: inherit;\">plong\u00e9es techniques<\/strong>.<\/li>\n                      <li><strong style=\"color: rgb(16, 155, 197); font-family: inherit; font-size: inherit;\">Formation plongeur d\u2019or<br><\/strong>Accessible \u00e0 partir de&nbsp;10 ans, cette formation comprend<strong style=\"color: rgb(16, 155, 197); font-family: inherit; font-size: inherit;\">&nbsp;<\/strong>5\n                        <strong\n                          style=\"color: rgb(16, 155, 197); font-family: inherit; font-size: inherit;\">&nbsp;plong\u00e9es techniques.<\/strong>\n                      <\/li>\n                    <\/ul>\n                    <p>Durant chaque plong\u00e9e, l\u2019enfant effectue des exercices adapt\u00e9s \u00e0 son \u00e2ge et \u00e0 son d\u00e9veloppement et explore les fonds sous-marins accompagn\u00e9 d\u2019un moniteur brevet\u00e9.<\/p>\n                    <p>\n                      <br>\n                    <\/p>\n                  <\/div>\n                <\/div>\n              <\/div>\n            <\/div>\n          <\/div>\n          <div class=\"h-column h-column-container d-flex h-col-lg-auto h-col-md-auto h-col-auto style-312-outer style-local-22-c8-outer\">\n            <div data-colibri-id=\"22-c8\" class=\"d-flex h-flex-basis h-column__inner h-ui-empty-state-container h-px-lg-2 h-px-md-2 h-px-2 v-inner-lg-2 v-inner-md-2 v-inner-2 style-312 style-local-22-c8 position-relative\">\n              <!---->\n              <!---->\n              <div class=\"w-100 h-y-container h-column__content h-column__v-align flex-basis-100\">\n                <!---->\n              <\/div>\n            <\/div>\n          <\/div>\n        <\/div>\n      <\/div>\n    <\/div>\n  <\/div>\n  <div data-colibri-component=\"section\" data-colibri-id=\"22-c9\" id=\"about-2\" class=\"h-section h-section-global-spacing d-flex align-items-lg-center align-items-md-center align-items-center style-313 style-local-22-c9 position-relative\">\n    <!---->\n    <!---->\n    <div class=\"h-section-grid-container h-section-boxed-container\">\n      <!---->\n      <div data-colibri-id=\"22-c10\" class=\"h-row-container gutters-row-lg-0 gutters-row-md-0 gutters-row-0 gutters-row-v-lg-0 gutters-row-v-md-0 gutters-row-v-0 style-314 style-local-22-c10 position-relative\">\n        <!---->\n        <div class=\"h-row justify-content-lg-center justify-content-md-center justify-content-center align-items-lg-stretch align-items-md-stretch align-items-stretch gutters-col-lg-0 gutters-col-md-0 gutters-col-0 gutters-col-v-lg-0 gutters-col-v-md-0 gutters-col-v-0\">\n          <!---->\n          <div class=\"h-column h-column-container d-flex h-col-lg-auto h-col-md-auto h-col-auto style-315-outer style-local-22-c11-outer\">\n            <div data-colibri-id=\"22-c11\" class=\"d-flex h-flex-basis h-column__inner h-px-lg-0 h-px-md-0 h-px-0 v-inner-lg-0 v-inner-md-0 v-inner-0 style-315 style-local-22-c11 position-relative\">\n              <!---->\n              <!---->\n              <div class=\"w-100 h-y-container h-column__content h-column__v-align flex-basis-100 align-self-lg-start align-self-md-start align-self-start\">\n                <!---->\n                <div data-colibri-id=\"22-c12\" class=\"h-global-transition-all h-heading style-316 style-local-22-c12 position-relative h-element\">\n                  <!---->\n                  <div class=\"h-heading__outer style-316 style-local-22-c12\">\n                    <!---->\n                    <!---->\n                    <h5 class=\"\">Les formations FFESSM<\/h5>\n                  <\/div>\n                <\/div>\n                <div data-colibri-id=\"22-c14\" class=\"h-text h-text-component style-318 style-local-22-c14 position-relative h-element\">\n                  <!---->\n                  <!---->\n                  <div class=\"\">\n                    <p><span style=\"font-weight: 400; color: rgb(102, 102, 102); font-family: &quot;Open Sans&quot;, HelveticaNeue, &quot;Helvetica Neue&quot;, Helvetica, Arial, sans-serif; font-size: 16px;\">FORMATION NIVEAU 1<\/span><strong style=\"color: rgb(16, 155, 197); font-family: inherit; font-size: inherit;\"><br>Premi\u00e8re \u00e9tape<\/strong>\n                      <span\n                        style=\"color: rgb(102, 102, 102); font-family: &quot;Open Sans&quot;, HelveticaNeue, &quot;Helvetica Neue&quot;, Helvetica, Arial, sans-serif; font-size: 16px; font-weight: 400;\">&nbsp;dans la hi\u00e9rarchie des plongeurs, la formation niveau 1 comporte&nbsp;<\/span><strong style=\"color: rgb(16, 155, 197); font-family: inherit; font-size: inherit;\">6 plong\u00e9es techniques<\/strong><span style=\"color: rgb(102, 102, 102); font-family: &quot;Open Sans&quot;, HelveticaNeue, &quot;Helvetica Neue&quot;, Helvetica, Arial, sans-serif; font-size: 16px; font-weight: 400;\">&nbsp;et 1 heure de&nbsp;<\/span>\n                        <strong\n                          style=\"color: rgb(16, 155, 197); font-family: inherit; font-size: inherit;\">cours th\u00e9orique<\/strong><span style=\"color: rgb(102, 102, 102); font-family: &quot;Open Sans&quot;, HelveticaNeue, &quot;Helvetica Neue&quot;, Helvetica, Arial, sans-serif; font-size: 16px; font-weight: 400;\">.<br>La possession de ce brevet permet des plong\u00e9es d\u2019exploration encadr\u00e9es par un moniteur jusqu\u2019\u00e0 20 m\u00e8tres de profondeur.<\/span><\/p>\n                    <p><span style=\"color: rgb(102, 102, 102); font-family: &quot;Open Sans&quot;, HelveticaNeue, &quot;Helvetica Neue&quot;, Helvetica, Arial, sans-serif; font-size: 16px; font-weight: 400;\">FORMATION NIVEAU 2\ufeff<\/span>\n                      <br><span style=\"color: rgb(102, 102, 102); font-family: &quot;Open Sans&quot;, HelveticaNeue, &quot;Helvetica Neue&quot;, Helvetica, Arial, sans-serif; font-size: 16px; font-weight: 400;\">\u00c9tape de progression logique dans la formation d\u2019un plongeur, le niveau 2 permet d\u2019acqu\u00e9rir une plus grande connaissance technique et pratique. C\u2019est l\u2019occasion d\u2019acc\u00e9der \u00e0&nbsp;<\/span>\n                      <strong\n                        style=\"color: rgb(16, 155, 197); font-family: &quot;Open Sans&quot;, HelveticaNeue, &quot;Helvetica Neue&quot;, Helvetica, Arial, sans-serif; font-size: 16px;\">une plus grande autonomie<\/strong><span style=\"color: rgb(102, 102, 102); font-family: &quot;Open Sans&quot;, HelveticaNeue, &quot;Helvetica Neue&quot;, Helvetica, Arial, sans-serif; font-size: 16px; font-weight: 400;\">, 3 plongeurs de niveau 2 pouvant constituer une palanqu\u00e9e \u00e9voluant dans la zone des&nbsp;<\/span>\n                        <strong\n                          style=\"color: rgb(16, 155, 197); font-family: &quot;Open Sans&quot;, HelveticaNeue, &quot;Helvetica Neue&quot;, Helvetica, Arial, sans-serif; font-size: 16px;\">20 m\u00e8tres en toute s\u00e9curit\u00e9.<\/strong><span style=\"color: rgb(102, 102, 102); font-family: &quot;Open Sans&quot;, HelveticaNeue, &quot;Helvetica Neue&quot;, Helvetica, Arial, sans-serif; font-size: 16px; font-weight: 400;\">&nbsp;Cette formation&nbsp;permet \u00e9galement d\u2019acc\u00e9der \u00e0 la zone des<\/span>\n                          <strong\n                            style=\"color: rgb(16, 155, 197); font-family: &quot;Open Sans&quot;, HelveticaNeue, &quot;Helvetica Neue&quot;, Helvetica, Arial, sans-serif; font-size: 16px;\">&nbsp;40 m\u00e8tres encadr\u00e9 par un moniteur<\/strong><span style=\"color: rgb(102, 102, 102); font-family: &quot;Open Sans&quot;, HelveticaNeue, &quot;Helvetica Neue&quot;, Helvetica, Arial, sans-serif; font-size: 16px; font-weight: 400;\">.<\/span>\n                            <br><span style=\"color: rgb(102, 102, 102); font-family: &quot;Open Sans&quot;, HelveticaNeue, &quot;Helvetica Neue&quot;, Helvetica, Arial, sans-serif; font-size: 16px; font-weight: 400;\">Ce brevet se pr\u00e9pare en&nbsp;<\/span>\n                            <strong\n                              style=\"color: rgb(16, 155, 197); font-family: &quot;Open Sans&quot;, HelveticaNeue, &quot;Helvetica Neue&quot;, Helvetica, Arial, sans-serif; font-size: 16px;\">10 plong\u00e9es, ainsi que 4 cours th\u00e9oriques<\/strong><span style=\"color: rgb(102, 102, 102); font-family: &quot;Open Sans&quot;, HelveticaNeue, &quot;Helvetica Neue&quot;, Helvetica, Arial, sans-serif; font-size: 16px; font-weight: 400;\">.<\/span><\/p>\n                    <p><span style=\"color: rgb(102, 102, 102); font-family: &quot;Open Sans&quot;, HelveticaNeue, &quot;Helvetica Neue&quot;, Helvetica, Arial, sans-serif; font-size: 16px; font-weight: 400;\">FORMATION NIVEAU 3<\/span>\n                      <br><span style=\"font-weight: 400; font-size: 16px; font-family: &quot;Open Sans&quot;, HelveticaNeue, &quot;Helvetica Neue&quot;, Helvetica, Arial, sans-serif; color: rgb(102, 102, 102);\">Ce brevet relativement peu connu est pourtant une qualification id\u00e9ale : la reconnaissance d\u2019un niveau de technicit\u00e9 permettant de pratiquer&nbsp;<\/span>\n                      <strong\n                        style=\"font-size: 16px; font-family: &quot;Open Sans&quot;, HelveticaNeue, &quot;Helvetica Neue&quot;, Helvetica, Arial, sans-serif; color: rgb(16, 155, 197);\">la plong\u00e9e de mani\u00e8re autonome, partout dans le monde.<\/strong><span style=\"font-size: 16px; font-family: &quot;Open Sans&quot;, HelveticaNeue, &quot;Helvetica Neue&quot;, Helvetica, Arial, sans-serif; color: rgb(102, 102, 102); font-weight: 400;\">&nbsp;Il permet \u00e0 2 plongeurs de niveau 3 de plonger entre eux dans la zone des<\/span>\n                        <strong\n                          style=\"font-size: 16px; font-family: &quot;Open Sans&quot;, HelveticaNeue, &quot;Helvetica Neue&quot;, Helvetica, Arial, sans-serif; color: rgb(16, 155, 197);\">&nbsp;40 m\u00e8tres ou plus<\/strong><span style=\"font-size: 16px; font-family: &quot;Open Sans&quot;, HelveticaNeue, &quot;Helvetica Neue&quot;, Helvetica, Arial, sans-serif; color: rgb(102, 102, 102); font-weight: 400;\">&nbsp;si les conditions le permettent.<\/span>\n                          <br><span style=\"font-weight: 400; font-size: 16px; font-family: &quot;Open Sans&quot;, HelveticaNeue, &quot;Helvetica Neue&quot;, Helvetica, Arial, sans-serif; color: rgb(102, 102, 102);\">Cette formation, tr\u00e8s compl\u00e8te, est id\u00e9ale pour des plongeurs d\u00e9sireux de parfaire leur qualification .<\/span><\/p>\n                  <\/div>\n                <\/div>\n              <\/div>\n            <\/div>\n          <\/div>\n          <div class=\"h-column h-column-container d-flex h-col-lg-auto h-col-md-auto h-col-auto style-319-outer style-local-22-c15-outer\">\n            <div data-colibri-id=\"22-c15\" class=\"d-flex h-flex-basis h-column__inner h-ui-empty-state-container h-px-lg-2 h-px-md-2 h-px-2 v-inner-lg-2 v-inner-md-2 v-inner-2 style-319 style-local-22-c15 position-relative\">\n              <!---->\n              <!---->\n              <div class=\"w-100 h-y-container h-column__content h-column__v-align flex-basis-100\">\n                <!---->\n              <\/div>\n            <\/div>\n          <\/div>\n        <\/div>\n      <\/div>\n    <\/div>\n  <\/div>\n<\/div>","protected":false},"excerpt":{"rendered":"<p>Formation \u00e0 la plong\u00e9e pour les plus jeunes Il y a 3 niveaux de formation pour les enfants : Formation plongeur de bronze Accessible \u00e0 partir de 8 ans, cette formation comprend 3&nbsp;plong\u00e9es techniques. Formation plongeur d\u2019argentAccessible \u00e0 partir de 8 ans, cette formation comprend 3&nbsp;plong\u00e9es techniques. Formation plongeur d\u2019orAccessible \u00e0 partir de&nbsp;10 ans, cette [&hellip;]<\/p>\n","protected":false},"author":1,"featured_media":0,"parent":0,"menu_order":0,"comment_status":"closed","ping_status":"closed","template":"page-templates\/full-width-page.php","meta":{"footnotes":""},"class_list":["post-22","page","type-page","status-publish","hentry"],"_links":{"self":[{"href":"https:\/\/plongee-guadeloupe-nautica.fr\/index.php\/wp-json\/wp\/v2\/pages\/22","targetHints":{"allow":["GET"]}}],"collection":[{"href":"https:\/\/plongee-guadeloupe-nautica.fr\/index.php\/wp-json\/wp\/v2\/pages"}],"about":[{"href":"https:\/\/plongee-guadeloupe-nautica.fr\/index.php\/wp-json\/wp\/v2\/types\/page"}],"author":[{"embeddable":true,"href":"https:\/\/plongee-guadeloupe-nautica.fr\/index.php\/wp-json\/wp\/v2\/users\/1"}],"replies":[{"embeddable":true,"href":"https:\/\/plongee-guadeloupe-nautica.fr\/index.php\/wp-json\/wp\/v2\/comments?post=22"}],"version-history":[{"count":3,"href":"https:\/\/plongee-guadeloupe-nautica.fr\/index.php\/wp-json\/wp\/v2\/pages\/22\/revisions"}],"predecessor-version":[{"id":646,"href":"https:\/\/plongee-guadeloupe-nautica.fr\/index.php\/wp-json\/wp\/v2\/pages\/22\/revisions\/646"}],"wp:attachment":[{"href":"https:\/\/plongee-guadeloupe-nautica.fr\/index.php\/wp-json\/wp\/v2\/media?parent=22"}],"curies":[{"name":"wp","href":"https:\/\/api.w.org\/{rel}","templated":true}]}}